{"id":6990,"date":"2023-11-22T07:25:52","date_gmt":"2023-11-22T07:25:52","guid":{"rendered":"https:\/\/web.montes.upm.es\/?page_id=6990"},"modified":"2023-11-22T08:10:26","modified_gmt":"2023-11-22T08:10:26","slug":"antorcha","status":"publish","type":"page","link":"https:\/\/web.montes.upm.es\/?page_id=6990","title":{"rendered":"Asociaci\u00f3n Cat\u00f3lica Antorcha"},"content":{"rendered":"\t\t<div data-elementor-type=\"wp-page\" data-elementor-id=\"6990\" class=\"elementor elementor-6990\" data-elementor-post-type=\"page\">\n\t\t\t\t\t\t<section class=\"elementor-section elementor-top-section elementor-element elementor-element-c473692 elementor-section-boxed elementor-section-height-default elementor-section-height-default exad-glass-effect-no exad-sticky-section-no\" data-id=\"c473692\" data-element_type=\"section\">\n\t\t\t\t\t\t<div class=\"elementor-container elementor-column-gap-default\">\n\t\t\t\t\t<div class=\"elementor-column elementor-col-100 elementor-top-column elementor-element elementor-element-7942d48 exad-glass-effect-no exad-sticky-section-no\" data-id=\"7942d48\" data-element_type=\"column\">\n\t\t\t<div class=\"elementor-widget-wrap elementor-element-populated\">\n\t\t\t\t\t\t<div class=\"elementor-element elementor-element-642ca4e exad-sticky-section-no exad-glass-effect-no elementor-widget elementor-widget-text-editor\" data-id=\"642ca4e\" data-element_type=\"widget\" data-widget_type=\"text-editor.default\">\n\t\t\t\t<div class=\"elementor-widget-container\">\n\t\t\t<style>\/*! elementor - v3.19.0 - 29-01-2024 *\/\n.elementor-widget-text-editor.elementor-drop-cap-view-stacked .elementor-drop-cap{background-color:#69727d;color:#fff}.elementor-widget-text-editor.elementor-drop-cap-view-framed .elementor-drop-cap{color:#69727d;border:3px solid;background-color:transparent}.elementor-widget-text-editor:not(.elementor-drop-cap-view-default) .elementor-drop-cap{margin-top:8px}.elementor-widget-text-editor:not(.elementor-drop-cap-view-default) .elementor-drop-cap-letter{width:1em;height:1em}.elementor-widget-text-editor .elementor-drop-cap{float:left;text-align:center;line-height:1;font-size:50px}.elementor-widget-text-editor .elementor-drop-cap-letter{display:inline-block}<\/style>\t\t\t\t<p>Somos la asociaci\u00f3n cat\u00f3lica de la ETSI Montes, Forestal y Medio Natural, queremos aportar con nuestra oraci\u00f3n, estudio, presencia, esfuerzo y cari\u00f1o, y siempre con los valores de la dignidad y el respeto presentes, la visi\u00f3n cristiana en las numerosas actividades que desarrollamos:<\/p>\t\t\t\t\t\t<\/div>\n\t\t\t\t<\/div>\n\t\t\t\t\t<\/div>\n\t\t<\/div>\n\t\t\t\t\t<\/div>\n\t\t<\/section>\n\t\t\t\t<section class=\"elementor-section elementor-top-section elementor-element elementor-element-8c56b8f elementor-section-boxed elementor-section-height-default elementor-section-height-default exad-glass-effect-no exad-sticky-section-no\" data-id=\"8c56b8f\" data-element_type=\"section\">\n\t\t\t\t\t\t<div class=\"elementor-container elementor-column-gap-default\">\n\t\t\t\t\t<div class=\"elementor-column elementor-col-100 elementor-top-column elementor-element elementor-element-e84de49 exad-glass-effect-no exad-sticky-section-no\" data-id=\"e84de49\" data-element_type=\"column\">\n\t\t\t<div class=\"elementor-widget-wrap elementor-element-populated\">\n\t\t\t\t\t\t<div class=\"elementor-element elementor-element-1c03797 exad-sticky-section-no exad-glass-effect-no elementor-widget elementor-widget-text-editor\" data-id=\"1c03797\" data-element_type=\"widget\" data-widget_type=\"text-editor.default\">\n\t\t\t\t<div class=\"elementor-widget-container\">\n\t\t\t\t\t\t\t<ul><li>Las salidas, excursiones, charlas, conferencias, actividades deportivas y acci\u00f3n social de voluntariado acorde con la doctrina y el magisterio de la Iglesia Cat\u00f3lica, destacando las peregrinaciones a lugares emblem\u00e1ticos para la cristiandad.<\/li><li>\u00a0El apostolado en el \u00e1mbito universitario, promoviendo el ejercicio y la perseverancia en las virtudes cristianas por nuestros asociados, entre los universitarios y con el personal de la universidad (PDI, PAS).<\/li><li>La colaboraci\u00f3n con el capell\u00e1n o sacerdote destinado en la capilla de la Universidad, as\u00ed como con la Pastoral Universitaria.<\/li><li>El cuidado de la capilla y su correcto estado para el culto, as\u00ed como procurar que se celebre la Santa Misa todos los d\u00edas lectivos, poni\u00e9ndose en contacto con un sacerdote si fuera preciso.<\/li><li>Defender el respeto de la fe cat\u00f3lica en la universidad y denunciar posibles violaciones de los derechos referidos en el art\u00edculo 16 de la CE.<\/li><li>Colaboraci\u00f3n con asociaciones cat\u00f3licas.<\/li><li>Recogidas de alimentos, y cualquier otra actividad de caridad cristiana<\/li><\/ul>\t\t\t\t\t\t<\/div>\n\t\t\t\t<\/div>\n\t\t\t\t\t<\/div>\n\t\t<\/div>\n\t\t\t\t\t<\/div>\n\t\t<\/section>\n\t\t\t\t<section class=\"elementor-section elementor-top-section elementor-element elementor-element-c8d7f8c elementor-section-boxed elementor-section-height-default elementor-section-height-default exad-glass-effect-no exad-sticky-section-no\" data-id=\"c8d7f8c\" data-element_type=\"section\">\n\t\t\t\t\t\t<div class=\"elementor-container elementor-column-gap-default\">\n\t\t\t\t\t<div class=\"elementor-column elementor-col-100 elementor-top-column elementor-element elementor-element-a55340f exad-glass-effect-no exad-sticky-section-no\" data-id=\"a55340f\" data-element_type=\"column\">\n\t\t\t<div class=\"elementor-widget-wrap elementor-element-populated\">\n\t\t\t\t\t\t<div class=\"elementor-element elementor-element-9616845 elementor-grid-eael-col-4 elementor-grid-tablet-eael-col-2 elementor-grid-mobile-eael-col-1 exad-sticky-section-no exad-glass-effect-no elementor-widget elementor-widget-eael-post-grid\" data-id=\"9616845\" data-element_type=\"widget\" data-settings=\"{&quot;eael_post_grid_columns&quot;:&quot;eael-col-4&quot;,&quot;eael_post_grid_columns_tablet&quot;:&quot;eael-col-2&quot;,&quot;eael_post_grid_columns_mobile&quot;:&quot;eael-col-1&quot;}\" data-widget_type=\"eael-post-grid.default\">\n\t\t\t\t<div class=\"elementor-widget-container\">\n\t\t\t<div id=\"eael-post-grid-9616845\" class=\"eael-post-grid-container\">\n            <div class=\"eael-post-grid eael-post-appender eael-post-appender-9616845 eael-post-grid-style-default\" data-layout-mode=\"masonry\"><p class=\"no-posts-found\">\u00a1No se han encontrado publicaciones!<\/p><\/div>\n            <div class=\"clearfix\"><\/div>\n        <\/div>\t\t<\/div>\n\t\t\t\t<\/div>\n\t\t\t\t\t<\/div>\n\t\t<\/div>\n\t\t\t\t\t<\/div>\n\t\t<\/section>\n\t\t\t\t<\/div>\n\t\t","protected":false},"excerpt":{"rendered":"<p>Somos la asociaci\u00f3n cat\u00f3lica de la ETSI Montes, Forestal y Medio Natural, queremos aportar con nuestra oraci\u00f3n, estudio, presencia, esfuerzo y cari\u00f1o, y siempre con los valores de la dignidad y el respeto presentes, la visi\u00f3n cristiana en las numerosas actividades que desarrollamos: Las salidas, excursiones, charlas, conferencias, actividades deportivas y acci\u00f3n social de voluntariado [&hellip;]<\/p>\n","protected":false},"author":4,"featured_media":7006,"parent":2242,"menu_order":0,"comment_status":"closed","ping_status":"closed","template":"","meta":{"_monsterinsights_skip_tracking":false,"_monsterinsights_sitenote_active":false,"_monsterinsights_sitenote_note":"","_monsterinsights_sitenote_category":0,"_uf_show_specific_survey":0,"_uf_disable_surveys":false,"footnotes":""},"class_list":["post-6990","page","type-page","status-publish","has-post-thumbnail","hentry"],"aioseo_notices":[],"_links":{"self":[{"href":"https:\/\/web.montes.upm.es\/index.php?rest_route=\/wp\/v2\/pages\/6990","targetHints":{"allow":["GET"]}}],"collection":[{"href":"https:\/\/web.montes.upm.es\/index.php?rest_route=\/wp\/v2\/pages"}],"about":[{"href":"https:\/\/web.montes.upm.es\/index.php?rest_route=\/wp\/v2\/types\/page"}],"author":[{"embeddable":true,"href":"https:\/\/web.montes.upm.es\/index.php?rest_route=\/wp\/v2\/users\/4"}],"replies":[{"embeddable":true,"href":"https:\/\/web.montes.upm.es\/index.php?rest_route=%2Fwp%2Fv2%2Fcomments&post=6990"}],"version-history":[{"count":20,"href":"https:\/\/web.montes.upm.es\/index.php?rest_route=\/wp\/v2\/pages\/6990\/revisions"}],"predecessor-version":[{"id":7033,"href":"https:\/\/web.montes.upm.es\/index.php?rest_route=\/wp\/v2\/pages\/6990\/revisions\/7033"}],"up":[{"embeddable":true,"href":"https:\/\/web.montes.upm.es\/index.php?rest_route=\/wp\/v2\/pages\/2242"}],"wp:featuredmedia":[{"embeddable":true,"href":"https:\/\/web.montes.upm.es\/index.php?rest_route=\/wp\/v2\/media\/7006"}],"wp:attachment":[{"href":"https:\/\/web.montes.upm.es\/index.php?rest_route=%2Fwp%2Fv2%2Fmedia&parent=6990"}],"curies":[{"name":"wp","href":"https:\/\/api.w.org\/{rel}","templated":true}]}}