{"id":12747,"date":"2025-02-17T16:29:48","date_gmt":"2025-02-17T16:29:48","guid":{"rendered":"https:\/\/web.montes.upm.es\/?page_id=12747"},"modified":"2026-03-02T13:45:20","modified_gmt":"2026-03-02T11:45:20","slug":"calidad-master-en-ingenieria-de-montes","status":"publish","type":"page","link":"https:\/\/web.montes.upm.es\/?page_id=12747","title":{"rendered":"Calidad M\u00e1ster en Ingenier\u00eda de Montes"},"content":{"rendered":"\t\t<div data-elementor-type=\"wp-page\" data-elementor-id=\"12747\" class=\"elementor elementor-12747\" data-elementor-post-type=\"page\">\n\t\t\t\t\t\t<section class=\"elementor-section elementor-top-section elementor-element elementor-element-69d5b16 elementor-section-boxed elementor-section-height-default elementor-section-height-default exad-glass-effect-no exad-sticky-section-no\" data-id=\"69d5b16\" data-element_type=\"section\">\n\t\t\t\t\t\t<div class=\"elementor-container elementor-column-gap-default\">\n\t\t\t\t\t<div class=\"elementor-column elementor-col-100 elementor-top-column elementor-element elementor-element-3fa6c2b exad-glass-effect-no exad-sticky-section-no\" data-id=\"3fa6c2b\" data-element_type=\"column\">\n\t\t\t<div class=\"elementor-widget-wrap elementor-element-populated\">\n\t\t\t\t\t\t<div class=\"elementor-element elementor-element-cf99af3 exad-sticky-section-no exad-glass-effect-no elementor-widget elementor-widget-spacer\" data-id=\"cf99af3\" data-element_type=\"widget\" data-widget_type=\"spacer.default\">\n\t\t\t\t<div class=\"elementor-widget-container\">\n\t\t\t<style>\/*! elementor - v3.19.0 - 29-01-2024 *\/\n.elementor-column .elementor-spacer-inner{height:var(--spacer-size)}.e-con{--container-widget-width:100%}.e-con-inner>.elementor-widget-spacer,.e-con>.elementor-widget-spacer{width:var(--container-widget-width,var(--spacer-size));--align-self:var(--container-widget-align-self,initial);--flex-shrink:0}.e-con-inner>.elementor-widget-spacer>.elementor-widget-container,.e-con>.elementor-widget-spacer>.elementor-widget-container{height:100%;width:100%}.e-con-inner>.elementor-widget-spacer>.elementor-widget-container>.elementor-spacer,.e-con>.elementor-widget-spacer>.elementor-widget-container>.elementor-spacer{height:100%}.e-con-inner>.elementor-widget-spacer>.elementor-widget-container>.elementor-spacer>.elementor-spacer-inner,.e-con>.elementor-widget-spacer>.elementor-widget-container>.elementor-spacer>.elementor-spacer-inner{height:var(--container-widget-height,var(--spacer-size))}.e-con-inner>.elementor-widget-spacer.elementor-widget-empty,.e-con>.elementor-widget-spacer.elementor-widget-empty{position:relative;min-height:22px;min-width:22px}.e-con-inner>.elementor-widget-spacer.elementor-widget-empty .elementor-widget-empty-icon,.e-con>.elementor-widget-spacer.elementor-widget-empty .elementor-widget-empty-icon{position:absolute;top:0;bottom:0;left:0;right:0;margin:auto;padding:0;width:22px;height:22px}<\/style>\t\t<div class=\"elementor-spacer\">\n\t\t\t<div class=\"elementor-spacer-inner\"><\/div>\n\t\t<\/div>\n\t\t\t\t<\/div>\n\t\t\t\t<\/div>\n\t\t\t\t<div class=\"elementor-element elementor-element-5433570 elementor-icon-list--layout-inline elementor-align-left elementor-list-item-link-full_width exad-sticky-section-no exad-glass-effect-no elementor-widget elementor-widget-icon-list\" data-id=\"5433570\" data-element_type=\"widget\" data-widget_type=\"icon-list.default\">\n\t\t\t\t<div class=\"elementor-widget-container\">\n\t\t\t<link rel=\"stylesheet\" href=\"https:\/\/web.montes.upm.es\/wp-content\/uploads\/elementor\/css\/custom-widget-icon-list.min.css?ver=1774597856\">\t\t<ul class=\"elementor-icon-list-items elementor-inline-items\">\n\t\t\t\t\t\t\t<li class=\"elementor-icon-list-item elementor-inline-item\">\n\t\t\t\t\t\t\t\t\t\t\t<a href=\"https:\/\/web.montes.upm.es\/?page_id=12\">\n\n\t\t\t\t\t\t\t\t\t\t\t\t<span class=\"elementor-icon-list-icon\">\n\t\t\t\t\t\t\t<i aria-hidden=\"true\" class=\"fas fa-grip-lines\"><\/i>\t\t\t\t\t\t<\/span>\n\t\t\t\t\t\t\t\t\t\t<span class=\"elementor-icon-list-text\">LA ESCUELA<\/span>\n\t\t\t\t\t\t\t\t\t\t\t<\/a>\n\t\t\t\t\t\t\t\t\t<\/li>\n\t\t\t\t\t\t\t\t<li class=\"elementor-icon-list-item elementor-inline-item\">\n\t\t\t\t\t\t\t\t\t\t\t<a href=\"https:\/\/web.montes.upm.es\/?page_id=641\">\n\n\t\t\t\t\t\t\t\t\t\t\t\t<span class=\"elementor-icon-list-icon\">\n\t\t\t\t\t\t\t<i aria-hidden=\"true\" class=\"fas fa-long-arrow-alt-right\"><\/i>\t\t\t\t\t\t<\/span>\n\t\t\t\t\t\t\t\t\t\t<span class=\"elementor-icon-list-text\">CALIDAD INSTITUCIONAL<\/span>\n\t\t\t\t\t\t\t\t\t\t\t<\/a>\n\t\t\t\t\t\t\t\t\t<\/li>\n\t\t\t\t\t\t\t\t<li class=\"elementor-icon-list-item elementor-inline-item\">\n\t\t\t\t\t\t\t\t\t\t\t<a href=\"https:\/\/web.montes.upm.es\/?page_id=6507\">\n\n\t\t\t\t\t\t\t\t\t\t\t\t<span class=\"elementor-icon-list-icon\">\n\t\t\t\t\t\t\t<i aria-hidden=\"true\" class=\"fas fa-long-arrow-alt-right\"><\/i>\t\t\t\t\t\t<\/span>\n\t\t\t\t\t\t\t\t\t\t<span class=\"elementor-icon-list-text\">CALIDAD DE LAS TITULACIONES<\/span>\n\t\t\t\t\t\t\t\t\t\t\t<\/a>\n\t\t\t\t\t\t\t\t\t<\/li>\n\t\t\t\t\t\t\t\t<li class=\"elementor-icon-list-item elementor-inline-item\">\n\t\t\t\t\t\t\t\t\t\t\t<a href=\"https:\/\/web.montes.upm.es\/?page_id=12747\">\n\n\t\t\t\t\t\t\t\t\t\t\t\t<span class=\"elementor-icon-list-icon\">\n\t\t\t\t\t\t\t<i aria-hidden=\"true\" class=\"fas fa-long-arrow-alt-right\"><\/i>\t\t\t\t\t\t<\/span>\n\t\t\t\t\t\t\t\t\t\t<span class=\"elementor-icon-list-text\"><b>CALIDAD MIM<\/b><\/span>\n\t\t\t\t\t\t\t\t\t\t\t<\/a>\n\t\t\t\t\t\t\t\t\t<\/li>\n\t\t\t\t\t\t<\/ul>\n\t\t\t\t<\/div>\n\t\t\t\t<\/div>\n\t\t\t\t\t<\/div>\n\t\t<\/div>\n\t\t\t\t\t<\/div>\n\t\t<\/section>\n\t\t\t\t<section class=\"elementor-section elementor-top-section elementor-element elementor-element-2ac608c elementor-section-boxed elementor-section-height-default elementor-section-height-default exad-glass-effect-no exad-sticky-section-no\" data-id=\"2ac608c\" data-element_type=\"section\">\n\t\t\t\t\t\t<div class=\"elementor-container elementor-column-gap-default\">\n\t\t\t\t\t<div class=\"elementor-column elementor-col-100 elementor-top-column elementor-element elementor-element-7a5a0e0 exad-glass-effect-no exad-sticky-section-no\" data-id=\"7a5a0e0\" data-element_type=\"column\">\n\t\t\t<div class=\"elementor-widget-wrap elementor-element-populated\">\n\t\t\t\t\t\t<div class=\"elementor-element elementor-element-ccbe493 exad-sticky-section-no exad-glass-effect-no elementor-widget elementor-widget-heading\" data-id=\"ccbe493\" data-element_type=\"widget\" data-widget_type=\"heading.default\">\n\t\t\t\t<div class=\"elementor-widget-container\">\n\t\t\t<style>\/*! elementor - v3.19.0 - 29-01-2024 *\/\n.elementor-heading-title{padding:0;margin:0;line-height:1}.elementor-widget-heading .elementor-heading-title[class*=elementor-size-]>a{color:inherit;font-size:inherit;line-height:inherit}.elementor-widget-heading .elementor-heading-title.elementor-size-small{font-size:15px}.elementor-widget-heading .elementor-heading-title.elementor-size-medium{font-size:19px}.elementor-widget-heading .elementor-heading-title.elementor-size-large{font-size:29px}.elementor-widget-heading .elementor-heading-title.elementor-size-xl{font-size:39px}.elementor-widget-heading .elementor-heading-title.elementor-size-xxl{font-size:59px}<\/style><h2 class=\"elementor-heading-title elementor-size-default\">Calidad M\u00e1ster Universitario en Ingenier\u00eda de Montes<\/h2>\t\t<\/div>\n\t\t\t\t<\/div>\n\t\t\t\t\t<\/div>\n\t\t<\/div>\n\t\t\t\t\t<\/div>\n\t\t<\/section>\n\t\t\t\t<section class=\"elementor-section elementor-top-section elementor-element elementor-element-ae8988d elementor-section-boxed elementor-section-height-default elementor-section-height-default exad-glass-effect-no exad-sticky-section-no\" data-id=\"ae8988d\" data-element_type=\"section\">\n\t\t\t\t\t\t<div class=\"elementor-container elementor-column-gap-default\">\n\t\t\t\t\t<div class=\"elementor-column elementor-col-100 elementor-top-column elementor-element elementor-element-be5c7cc exad-glass-effect-no exad-sticky-section-no\" data-id=\"be5c7cc\" data-element_type=\"column\">\n\t\t\t<div class=\"elementor-widget-wrap elementor-element-populated\">\n\t\t\t\t\t\t<div class=\"elementor-element elementor-element-e7ef18f exad-sticky-section-no exad-glass-effect-no elementor-widget elementor-widget-text-editor\" data-id=\"e7ef18f\" data-element_type=\"widget\" data-widget_type=\"text-editor.default\">\n\t\t\t\t<div class=\"elementor-widget-container\">\n\t\t\t<style>\/*! elementor - v3.19.0 - 29-01-2024 *\/\n.elementor-widget-text-editor.elementor-drop-cap-view-stacked .elementor-drop-cap{background-color:#69727d;color:#fff}.elementor-widget-text-editor.elementor-drop-cap-view-framed .elementor-drop-cap{color:#69727d;border:3px solid;background-color:transparent}.elementor-widget-text-editor:not(.elementor-drop-cap-view-default) .elementor-drop-cap{margin-top:8px}.elementor-widget-text-editor:not(.elementor-drop-cap-view-default) .elementor-drop-cap-letter{width:1em;height:1em}.elementor-widget-text-editor .elementor-drop-cap{float:left;text-align:center;line-height:1;font-size:50px}.elementor-widget-text-editor .elementor-drop-cap-letter{display:inline-block}<\/style>\t\t\t\t<h3 class=\"destacadoTitulo03\"><span style=\"font-size: 16px;\">Los grandes objetivos que definen la pol\u00edtica interna de la Escuela T\u00e9cnica Superior de Ingenier\u00eda de Montes, Forestal y del Medio Natural de la UPM se pueden clasificar en tres grandes grupos:<\/span><\/h3>\n<div class=\"cuerpo\">\n<ul>\n<li>Conseguir una formaci\u00f3n de calidad, cuyo fin sea la preparaci\u00f3n de nuestros alumnos para que lleguen a ser los mejores profesionales de todas las titulaciones impartidas, capaces de adaptarse a los cambios tecnol\u00f3gicos y de satisfacer las crecientes demandas sociales.<\/li>\n<li>Promocionar el desarrollo cient\u00edfico-t\u00e9cnico en el \u00e1mbito de las titulaciones impartidas con proyectos de investigaci\u00f3n aplicados y en consonancia con las demandas de cada sector, definidas a trav\u00e9s de una estrecha relaci\u00f3n con las empresas y dem\u00e1s agentes activos.<\/li>\n<li>Propiciar la mejora continua del Centro:\n<ul>\n<li>Estableciendo un Sistema de Calidad.<\/li>\n<li>Promocionando el ahorro y uso eficiente de los recursos del centro y el respeto al medioambiente.<\/li>\n<li>Promoviendo el reconocimiento al trabajo eficaz y profesional.<\/li>\n<li>Comunicando a la sociedad la excelencia de la formaci\u00f3n e investigaci\u00f3n en el sector forestal, del medio natural y medioambiental que se desarrolla en el centro.<\/li>\n<\/ul>\n<\/li>\n<\/ul>\n<p>El Sistema de Garant\u00eda Interna de Calidad del centro se puede consultar en el siguiente enlace:&nbsp;<a href=\"https:\/\/web.montes.upm.es\/?page_id=641\"><strong>Sistema de Garant\u00eda Interna de Calidad (SGIC)<\/strong><\/a><\/p>\n<h5>&nbsp;<\/h5>\n<h5><span style=\"color: #1867b7;\">Memoria de verificaci\u00f3n<\/span><\/h5>\n<ul>\n<li><a href=\"https:\/\/www.educacion.gob.es\/ruct\/estudiocentro.action?codigoCiclo=SC&amp;codigoEstudio=4312409&amp;actual=estudios\">Registro de Universidades, Centros y T\u00edtulos del plan de estudios<\/a><\/li>\n<li><a href=\"https:\/\/web.montes.upm.es\/wp-content\/uploads\/2025\/02\/Memoria_Verificacion-MIM_2019-arreglada.pdf\">Memoria de verificaci\u00f3n&nbsp;<\/a><\/li>\n<\/ul>\n<\/div>\n<h5>&nbsp;<\/h5>\n<h5><span style=\"color: #1867b7;\">Renovaci\u00f3n de la acreditaci\u00f3n 2021<\/span><\/h5>\n<ul>\n<li><a href=\"https:\/\/web.montes.upm.es\/wp-content\/uploads\/2025\/02\/Informe-autoevaluacion_-4312409-Master-Universitario-en-Ingenieria-de-Montes.pdf\">Informe de autoevaluaci\u00f3n<\/a><\/li>\n<li><a href=\"https:\/\/web.montes.upm.es\/wp-content\/uploads\/2025\/02\/informe_definitivo_47085-MIM.pdf\">Informe final de la renovaci\u00f3n de la acreditaci\u00f3n<\/a><\/li>\n<\/ul>\n<div class=\"cuerpo\">\n<h5><br><\/h5><h5><span style=\"color: #1867b7;\">Renovaci\u00f3n de la acreditaci\u00f3n 2026<\/span><\/h5>\n<ul>\n<li><a href=\"https:\/\/web.montes.upm.es\/wp-content\/uploads\/2026\/02\/Informacion_proceso_RA_MIM.pdf\">Informe de autoevaluaci\u00f3n y Formulario de audiencia abierta<\/a><\/li>\n<\/ul>\n<h5>&nbsp;<\/h5>\n<h5><span style=\"color: #1867b7;\">Resumen de resultados<\/span><\/h5>\n<ul>\n<li><a href=\"https:\/\/web.montes.upm.es\/wp-content\/uploads\/2025\/02\/Resumen_resultados-MIM-13AD-2020_a_2025.pdf\">Resumen anual de resultados de la titulaci\u00f3n<\/a><\/li>\n<li><a href=\"https:\/\/web.montes.upm.es\/wp-content\/uploads\/2025\/02\/Resumen_anual-SatisfaccionMIM_2020-2025.pdf\">Resumen de encuestas de satisfacci\u00f3n<\/a><\/li>\n<li><a href=\"https:\/\/web.montes.upm.es\/wp-content\/uploads\/2026\/02\/Insercion-laboral-2022-23-MOF.pdf\">Inserci\u00f3n laboral 2022-23 M\u00e1steres &#8211; UPM<\/a><\/li>\n<li><a href=\"https:\/\/web.montes.upm.es\/wp-content\/uploads\/2026\/02\/InsercionMOF-202223-13-ETSIMFMN.pdf\">Inserci\u00f3n laboral 2022-23 &#8211; M\u00e1steres &#8211; ETSIMFMN<\/a><\/li>\n<\/ul>\n<h5>&nbsp;<\/h5>\n<h5><span style=\"color: #1867b7;\"><strong>Informes de<\/strong> Titulaci\u00f3n<\/span><\/h5>\n<ul>\n<li><a href=\"https:\/\/web.montes.upm.es\/wp-content\/uploads\/2026\/02\/IT_13AD_2024-25.pdf\">Curso 2024-2025<\/a><\/li>\n<li><a href=\"https:\/\/web.montes.upm.es\/wp-content\/uploads\/2025\/02\/IT_13AD_2023-24.pdf\">Curso 2023-2024<\/a><\/li>\n<li><a href=\"https:\/\/web.montes.upm.es\/wp-content\/uploads\/2025\/02\/IT_13AD_2022-23.pdf\">Curso 2022-2023<\/a><\/li>\n<li><a href=\"https:\/\/web.montes.upm.es\/wp-content\/uploads\/2025\/02\/IT_13AD_2021-22.pdf\">Curso 2021-2022<\/a><\/li>\n<li><a href=\"https:\/\/web.montes.upm.es\/wp-content\/uploads\/2025\/02\/IT_13AD_2020-21.pdf\">Curso 2020-2021&nbsp;<\/a><\/li>\n<\/ul>\n<h5>&nbsp;<\/h5>\n<h5><span style=\"color: #1867b7;\">Hist\u00f3rico de Documentos de Calidad<\/span><\/h5>\n<ul>\n<li>Enlace al repositorio en UPMDrive<\/li>\n<\/ul>\n<\/div>\t\t\t\t\t\t<\/div>\n\t\t\t\t<\/div>\n\t\t\t\t\t<\/div>\n\t\t<\/div>\n\t\t\t\t\t<\/div>\n\t\t<\/section>\n\t\t\t\t<section class=\"elementor-section elementor-top-section elementor-element elementor-element-96f47af elementor-section-boxed elementor-section-height-default elementor-section-height-default exad-glass-effect-no exad-sticky-section-no\" data-id=\"96f47af\" data-element_type=\"section\">\n\t\t\t\t\t\t<div class=\"elementor-container elementor-column-gap-default\">\n\t\t\t\t\t<div class=\"elementor-column elementor-col-100 elementor-top-column elementor-element elementor-element-55ae8bb exad-glass-effect-no exad-sticky-section-no\" data-id=\"55ae8bb\" data-element_type=\"column\">\n\t\t\t<div class=\"elementor-widget-wrap\">\n\t\t\t\t\t\t\t<\/div>\n\t\t<\/div>\n\t\t\t\t\t<\/div>\n\t\t<\/section>\n\t\t\t\t<\/div>\n\t\t","protected":false},"excerpt":{"rendered":"<p>LA ESCUELA CALIDAD INSTITUCIONAL CALIDAD DE LAS TITULACIONES CALIDAD MIM Calidad M\u00e1ster Universitario en Ingenier\u00eda de Montes Los grandes objetivos que definen la pol\u00edtica interna de la Escuela T\u00e9cnica Superior de Ingenier\u00eda de Montes, Forestal y del Medio Natural de la UPM se pueden clasificar en tres grandes grupos: Conseguir una formaci\u00f3n de calidad, cuyo [&hellip;]<\/p>\n","protected":false},"author":25,"featured_media":0,"parent":6507,"menu_order":0,"comment_status":"closed","ping_status":"closed","template":"","meta":{"_monsterinsights_skip_tracking":false,"_monsterinsights_sitenote_active":false,"_monsterinsights_sitenote_note":"","_monsterinsights_sitenote_category":0,"_uf_show_specific_survey":0,"_uf_disable_surveys":false,"footnotes":""},"class_list":["post-12747","page","type-page","status-publish","hentry"],"aioseo_notices":[],"_links":{"self":[{"href":"https:\/\/web.montes.upm.es\/index.php?rest_route=\/wp\/v2\/pages\/12747","targetHints":{"allow":["GET"]}}],"collection":[{"href":"https:\/\/web.montes.upm.es\/index.php?rest_route=\/wp\/v2\/pages"}],"about":[{"href":"https:\/\/web.montes.upm.es\/index.php?rest_route=\/wp\/v2\/types\/page"}],"author":[{"embeddable":true,"href":"https:\/\/web.montes.upm.es\/index.php?rest_route=\/wp\/v2\/users\/25"}],"replies":[{"embeddable":true,"href":"https:\/\/web.montes.upm.es\/index.php?rest_route=%2Fwp%2Fv2%2Fcomments&post=12747"}],"version-history":[{"count":85,"href":"https:\/\/web.montes.upm.es\/index.php?rest_route=\/wp\/v2\/pages\/12747\/revisions"}],"predecessor-version":[{"id":19094,"href":"https:\/\/web.montes.upm.es\/index.php?rest_route=\/wp\/v2\/pages\/12747\/revisions\/19094"}],"up":[{"embeddable":true,"href":"https:\/\/web.montes.upm.es\/index.php?rest_route=\/wp\/v2\/pages\/6507"}],"wp:attachment":[{"href":"https:\/\/web.montes.upm.es\/index.php?rest_route=%2Fwp%2Fv2%2Fmedia&parent=12747"}],"curies":[{"name":"wp","href":"https:\/\/api.w.org\/{rel}","templated":true}]}}